{"id":11410,"date":"2016-12-05T16:27:32","date_gmt":"2016-12-05T16:27:32","guid":{"rendered":"https:\/\/clany.vamtam.com\/?page_id=11410"},"modified":"2023-09-07T14:46:14","modified_gmt":"2023-09-07T12:46:14","slug":"ueber-uns","status":"publish","type":"page","link":"https:\/\/reinido.de\/en\/ueber-uns\/","title":{"rendered":"\u00dcber uns"},"content":{"rendered":"<div class=\"vgblk-rw-wrapper limit-wrapper\">\n<h2>\n\tIhre <b>Reinido<\/b> Reinigungsfirma\n\t<\/h2>\n\t<h4>Wir sind Ihre lokalen Reinigungsprofis und versprechen Ihnen, gr\u00fcndlich, allumfassend und zuverl\u00e4ssig zu reinigen.<\/h4>\n<h2>\n\tWir haben einen klaren Auftrag!\n\t<\/h2>\n\t<p>Entledigen Sie sich dieser Aufgabe und \u00fcberlassen Sie uns und Ihre Hausreinigung. Genie\u00dfen Sie stattdessen in Ruhe Ihre Freizeit mit dem Wissen, dass ein professionelles Team vertrauensvoll Ihr Objekt reinigt.<\/p>\n<p>Unser Service ist gr\u00fcndlich, durchdacht und von h\u00f6chster Qualit\u00e4t. Wir erf\u00fcllen jeden individuellen Wunsch, egal ob Sie eine bestimmte Ecke Ihres Hauses auslassen wollen oder Ihren Reinigungsplan um\u00e4ndern m\u00f6chten. Lassen Sie es uns wissen, wir freuen uns Ihren Erwartungen zu entsprechen.<\/p>\n<p>Wir von Reinido reinigen nach Bedarf t\u00e4glich, w\u00f6chentlich, monatlich oder einmalig. Desinfizieren, staubsaugen und waschen der R\u00e4ume, das geh\u00f6rt zu unserem Standardrepertoire. Mit unseren speziellen und professionellen Produkten reinigen wir gr\u00fcndlich und hinterlassen keinen einzigen Staub.<\/p>\n<h2>\n\tAbonnieren Sie die aktuellsten Angebote:\n\t<\/h2>\n\t<b>Friedensstr. 3<br \/>\n<\/b>60311 Frankfurt am Main\n<h2>\n\tUnser Versprechen\n\t<\/h2>\n\t<p>Ihre 100% Zufriedenheit mit unserem Service ist unser Ziel! Keine versteckten Kosten, kein Kleingedrucktes &#8211; Nur Transparenz! Daf\u00fcr stehen wir mit unserem Namen!<\/p>\n<h3>\n\t\u00dcber\n\t<\/h3>\n<h4>\n\t10.000 Reinigungen\n\t<\/h4>\n\t<p>Unsere Mikrofasert\u00fccher halten l\u00e4nger, sind lang haltender und gr\u00fcndlicher als gew\u00f6hnliche Baumwollt\u00fccher.<\/p>\n<h3>\n\t100%\n\t<\/h3>\n<h4>\n\tZufriedenheitsgarantie\n\t<\/h4>\n\t<p>Wir gew\u00e4hren Ihnen eine Garantie auf unsere Arbeit. Sollten Sie mit unserer Arbeit nicht zufrieden sein, dann erhalten Sie Ihr Geld zur\u00fcck!<\/p>\n<h3>\n\tNachhaltige\n\t<\/h3>\n<h4>\n\tProdukte\n\t<\/h4>\n\t<p>Unsere Umwelt liegt uns am Herzen, deshalb kommen bei uns ausschlie\u00dflich schadstoffarme Produkte zum Einsatz!<\/p>\n<h3>\n\tKosten-\n\t<\/h3>\n<h4>\n\teffizienz\n\t<\/h4>\n\t<p>Vor allem bei gro\u00dfen Objekten ist eine pr\u00e4zise Reinigung essenziell, um dadurch die Kosten niedrig zu halten. Wir achten stets darauf!<\/p>\n\n<\/div><!-- .vgblk-rw-wrapper -->","protected":false},"excerpt":{"rendered":"<p>Ihre Reinido Reinigungsfirma Wir sind Ihre lokalen Reinigungsprofis und versprechen Ihnen, gr\u00fcndlich, allumfassend und zuverl\u00e4ssig zu reinigen. Wir haben einen klaren Auftrag! Entledigen Sie sich dieser Aufgabe und \u00fcberlassen Sie uns und Ihre Hausreinigung. Genie\u00dfen Sie stattdessen in Ruhe Ihre Freizeit mit dem Wissen, dass ein professionelles Team vertrauensvoll Ihr Objekt reinigt. Unser Service ist&#8230;<\/p>","protected":false},"author":2,"featured_media":0,"parent":0,"menu_order":0,"comment_status":"closed","ping_status":"closed","template":"","meta":{"inline_featured_image":false,"footnotes":""},"class_list":["post-11410","page","type-page","status-publish","hentry"],"jetpack_sharing_enabled":true,"_links":{"self":[{"href":"https:\/\/reinido.de\/en\/wp-json\/wp\/v2\/pages\/11410","targetHints":{"allow":["GET"]}}],"collection":[{"href":"https:\/\/reinido.de\/en\/wp-json\/wp\/v2\/pages"}],"about":[{"href":"https:\/\/reinido.de\/en\/wp-json\/wp\/v2\/types\/page"}],"author":[{"embeddable":true,"href":"https:\/\/reinido.de\/en\/wp-json\/wp\/v2\/users\/2"}],"replies":[{"embeddable":true,"href":"https:\/\/reinido.de\/en\/wp-json\/wp\/v2\/comments?post=11410"}],"version-history":[{"count":24,"href":"https:\/\/reinido.de\/en\/wp-json\/wp\/v2\/pages\/11410\/revisions"}],"predecessor-version":[{"id":988164,"href":"https:\/\/reinido.de\/en\/wp-json\/wp\/v2\/pages\/11410\/revisions\/988164"}],"wp:attachment":[{"href":"https:\/\/reinido.de\/en\/wp-json\/wp\/v2\/media?parent=11410"}],"curies":[{"name":"wp","href":"https:\/\/api.w.org\/{rel}","templated":true}]}}