{"id":11989,"date":"2017-04-12T17:55:35","date_gmt":"2017-04-12T17:55:35","guid":{"rendered":"https:\/\/clany.vamtam.com\/?page_id=11989"},"modified":"2023-03-13T17:54:02","modified_gmt":"2023-03-13T16:54:02","slug":"home","status":"publish","type":"page","link":"https:\/\/reinido.de\/en\/","title":{"rendered":"Home"},"content":{"rendered":"<div class=\"vgblk-rw-wrapper limit-wrapper\">\n<h1>\n\tHaus und Wohnung\n\t<\/h1>\n<h4>\n\tReinigung\n\t<\/h4>\n<h4>\n\tab <strong>\u20ac24,99\/<\/strong><strong>St.<\/strong>\n\t<\/h4>\n\t<h6>Immer den besten Preis<\/h6>\n\t<a href=\"#Kontakt\" target=\"_self\" role=\"button\" rel=\"noopener\">\n\t\t\t\t\tJetzt Termin buchen\n\t<\/a>\n\t\t\t\t\t\t\t<img decoding=\"async\" loading=\"lazy\" src=\"https:\/\/reinido.de\/wp-content\/uploads\/2018\/07\/Illustration-Home-horizontal-Plant.svg\" alt=\"Illustration-Home-horizontal-Plant\" itemprop=\"image\" height=\"246\" width=\"110\" title=\"Illustration-Home-horizontal-Plant\" onerror=\"this.style.display='none'\" \/>\t\t\t\t\t\t\t\n\t\t\t\t\t\t\t<img decoding=\"async\" loading=\"lazy\" src=\"https:\/\/reinido.de\/wp-content\/uploads\/2018\/07\/Illustration-Home-horizontal-Woman.svg\" alt=\"Illustration-Home-horizontal-Woman\" itemprop=\"image\" height=\"347\" width=\"439\" title=\"Illustration-Home-horizontal-Woman\" onerror=\"this.style.display='none'\" \/>\t\t\t\t\t\t\t\n\t\t\t\t\t\t\t<img decoding=\"async\" loading=\"lazy\" src=\"https:\/\/reinido.de\/wp-content\/uploads\/2018\/07\/Illustration-Home-horizontal-Sofa.svg\" alt=\"Illustration-Home-horizontal-Sofa\" itemprop=\"image\" height=\"167\" width=\"319\" title=\"Illustration-Home-horizontal-Sofa\" onerror=\"this.style.display='none'\" \/>\t\t\t\t\t\t\t\n<h1>\n\tGewerbliche\n\t<\/h1>\n<h4>\n\tReinigung\n\t<\/h4>\n<h4>\n\tauf <strong>Anfrage<\/strong>\n\t<\/h4>\n\t<h6>Immer die besten Angebote<\/h6>\n\t<a href=\"#Kontakt\" target=\"_self\" role=\"button\" rel=\"noopener\">\n\t\t\t\t\tJetzt Termin buchen\n\t<\/a>\n\t\t\t\t\t\t\t<img decoding=\"async\" loading=\"lazy\" src=\"https:\/\/reinido.de\/wp-content\/uploads\/2018\/07\/Illustration-Office-horizontal-Plant.svg\" alt=\"Illustration-Office-horizontal-Plant\" itemprop=\"image\" height=\"278\" width=\"176\" title=\"Illustration-Office-horizontal-Plant\" onerror=\"this.style.display='none'\" \/>\t\t\t\t\t\t\t\n\t\t\t\t\t\t\t<img decoding=\"async\" loading=\"lazy\" src=\"https:\/\/reinido.de\/wp-content\/uploads\/2018\/07\/Illustration-Office-horizontal-Woman.svg\" alt=\"Illustration-Office-horizontal-Woman\" itemprop=\"image\" height=\"325\" width=\"190\" title=\"Illustration-Office-horizontal-Woman\" onerror=\"this.style.display='none'\" \/>\t\t\t\t\t\t\t\n\t\t\t\t\t\t\t<img decoding=\"async\" loading=\"lazy\" src=\"https:\/\/reinido.de\/wp-content\/uploads\/2018\/07\/Illustration-Office-horizontal-Desk.svg\" alt=\"Illustration-Office-horizontal-Desk\" itemprop=\"image\" height=\"221\" width=\"342\" title=\"Illustration-Office-horizontal-Desk\" onerror=\"this.style.display='none'\" \/>\t\t\t\t\t\t\t\n<h1>\n\tWarum <b>Reinido?<\/b>\n\t<\/h1>\n<h3>\n\tZuverl\u00e4ssige\n\t<\/h3>\n<h4>\n\tgr\u00fcndliche Reinigung\n\t<\/h4>\n\t<p>Unsere Mikrofasert\u00fccher halten l\u00e4nger, sind lang haltender und gr\u00fcndlicher als gew\u00f6hnliche Baumwollt\u00fccher.<\/p>\n<h3>\n\t100%\n\t<\/h3>\n<h4>\n\tZufriedenheitsgarantie\n\t<\/h4>\n\t<p>Wir gew\u00e4hren Ihnen eine Garantie auf unsere Arbeit. Sie erhalten Ihr Geld zur\u00fcck, wenn Sie nicht zufrieden sind.<\/p>\n<h3>\n\tNachhaltige\n\t<\/h3>\n<h4>\n\tProdukte\n\t<\/h4>\n\t<p>Unsere Umwelt liegt uns am Herzen, deshalb kommen bei uns ausschlie\u00dflich schadstoffarme Produkte zum Einsatz! <\/p>\n<h3>\n\tKosten-\n\t<\/h3>\n<h4>\n\teffizienz\n\t<\/h4>\n\t<p>Vor allem bei gro\u00dfen Objekten ist eine pr\u00e4zise Reinigung essenziell, um dadurch die Kosten niedrig zu halten. Wir achten stets darauf!<\/p>\n<h1>\n\tZufriedenheits<br \/>Garantie<br \/>\n\t<\/h1>\n<h1>\n\t<strong>Das sagen<\/strong><br \/>unsere Kunden:\n\t<\/h1>\n<h1>\n\tHow We Work?\n\t<\/h1>\n\t\t\tEasy Online Scheduling\n\t\t<p>Lorem ipsum dolor sit amet consectetur adipiscing elit sed do eiusmod tempor incididunt ut labore et dolore magna aliqua. Ut enim ad minim veniam quis nostrud.<\/p>\n\t\t\tEco-Friendly Products\n\t\t<p>Lorem ipsum dolor sit amet consectetur adipiscing elit sed do eiusmod tempor incididunt ut labore et dolore magna aliqua. Ut enim ad minim veniam quis nostrud.<\/p>\n\t\t\tEasy Online Scheduling\n\t\t<p>Lorem ipsum dolor sit amet consectetur adipiscing elit sed do eiusmod tempor incididunt ut labore et dolore magna aliqua. Ut enim ad minim veniam quis nostrud.<\/p>\n\t\t\t Eco-Friendly Products\n\t\t<p>Lorem ipsum dolor sit amet consectetur adipiscing elit sed do eiusmod tempor incididunt ut labore et dolore magna aliqua. Ut enim ad minim veniam quis nostrud.<\/p>\n<h1>\n\tjetzt Termin vereinbaren\n\t<\/h1>\n\t<h5>Sie haben Fragen zu unserem Service oder m\u00f6chten unsere Angebote wissen?<br \/>\nDann z\u00f6gern Sie nicht und nehmen Sie noch heute mit uns Kontakt auf! F\u00fcllen Sie das Kontaktformular aus und wir beantworten zeitnah Ihre Anfrage!<\/h5>\n\tHinweis: F\u00fcr diesen Inhalt ist JavaScript erforderlich.\n        <!-- TODO: Move to Template File. -->\n        <h3>\n\tKostenloser R\u00fcckruf!\n\t<\/h3>\n\t<p>Holen Sie sich noch heute Ihren gratis Kostenvoranschlag!<\/p>\n\tHinweis: F\u00fcr diesen Inhalt ist JavaScript erforderlich.\n        <!-- TODO: Move to Template File. -->\n        \n<\/div><!-- .vgblk-rw-wrapper -->","protected":false},"excerpt":{"rendered":"<p>Haus und Wohnung Reinigung ab \u20ac24,99\/St. Immer den besten Preis Jetzt Termin buchen Gewerbliche Reinigung auf Anfrage Immer die besten Angebote Jetzt Termin buchen Warum Reinido? Zuverl\u00e4ssige gr\u00fcndliche Reinigung Unsere Mikrofasert\u00fccher halten l\u00e4nger, sind lang haltender und gr\u00fcndlicher als gew\u00f6hnliche Baumwollt\u00fccher. 100% Zufriedenheitsgarantie Wir gew\u00e4hren Ihnen eine Garantie auf unsere Arbeit. Sie erhalten Ihr Geld&#8230;<\/p>","protected":false},"author":2,"featured_media":0,"parent":0,"menu_order":0,"comment_status":"closed","ping_status":"closed","template":"","meta":{"inline_featured_image":false,"footnotes":""},"class_list":["post-11989","page","type-page","status-publish","hentry"],"jetpack_sharing_enabled":true,"_links":{"self":[{"href":"https:\/\/reinido.de\/en\/wp-json\/wp\/v2\/pages\/11989","targetHints":{"allow":["GET"]}}],"collection":[{"href":"https:\/\/reinido.de\/en\/wp-json\/wp\/v2\/pages"}],"about":[{"href":"https:\/\/reinido.de\/en\/wp-json\/wp\/v2\/types\/page"}],"author":[{"embeddable":true,"href":"https:\/\/reinido.de\/en\/wp-json\/wp\/v2\/users\/2"}],"replies":[{"embeddable":true,"href":"https:\/\/reinido.de\/en\/wp-json\/wp\/v2\/comments?post=11989"}],"version-history":[{"count":29,"href":"https:\/\/reinido.de\/en\/wp-json\/wp\/v2\/pages\/11989\/revisions"}],"predecessor-version":[{"id":988150,"href":"https:\/\/reinido.de\/en\/wp-json\/wp\/v2\/pages\/11989\/revisions\/988150"}],"wp:attachment":[{"href":"https:\/\/reinido.de\/en\/wp-json\/wp\/v2\/media?parent=11989"}],"curies":[{"name":"wp","href":"https:\/\/api.w.org\/{rel}","templated":true}]}}